{"id":518,"date":"2020-07-08T15:15:46","date_gmt":"2020-07-08T13:15:46","guid":{"rendered":"http:\/\/hapetho.de\/gschwandnergasse42\/?page_id=518"},"modified":"2020-07-08T15:28:12","modified_gmt":"2020-07-08T13:28:12","slug":"besucherhinweis","status":"publish","type":"page","link":"https:\/\/hapetho.de\/gschwandnergasse42\/index.php\/besucherhinweis\/","title":{"rendered":"Besucherhinweis"},"content":{"rendered":"<p><span style=\"color: #ffff00;\">Der Name meiner Seite ist: http:\/\/hapetho.de\/gschwandnergasse42<\/span><br \/>\n<span style=\"color: #33cccc;\">Dieser blog kann sicher betreten werden. Es werden keine<\/span><br \/>\n<span style=\"color: #33cccc;\">pers\u00f6nlichen Daten und IPs gesammelt. Er ist privat und<\/span><br \/>\n<span style=\"color: #33cccc;\">nur zu ihrer Erbauung gedacht.<\/span><br \/>\n<span style=\"color: #33cccc;\">Es wurde die Avatarfunktion abgeschaltet und das plugin<\/span><br \/>\n<span style=\"color: #33cccc;\">installiert. Die Kommentarfunktion fehlt zur G\u00e4nze.<\/span><br \/>\n<span style=\"color: #33cccc;\">Es wurde &#8230;..Disable Comments&#8230;. installiert,<\/span><br \/>\n<span style=\"color: #33cccc;\">zus\u00e4tzlich &#8230;..Remove IP &#8230;&#8230;, das sollte gen\u00fcgen.<\/span><br \/>\n<span style=\"color: #33cccc;\">Die neuen Bedingungen des Datenschutzes,<\/span><br \/>\n<span style=\"color: #33cccc;\">die wir der EU zu verdanken haben werden somit erf\u00fcllt.<\/span><br \/>\n<span style=\"color: #33cccc;\">In diesem blog gibt es eingebettete Inhalte. F\u00fcrden Inhalt und<\/span><br \/>\n<span style=\"color: #33cccc;\">das Datensammlungsverhalten sind die Betreiber dieser Seiten<\/span><br \/>\n<span style=\"color: #33cccc;\">verantwortlich.<\/span><\/p>\n<p><span style=\"color: #ffff00;\"><strong>Noch ein Hinweis f\u00fcr die Rechtsanw\u00e4lte der Abmahnindustrie,<\/strong><\/span><br \/>\n<span style=\"color: #ffff00;\"><strong>ersparen sie sich Abmahnungen an mich zu senden, kratzen<\/strong><\/span><br \/>\n<span style=\"color: #33cccc;\"><strong><span style=\"color: #ffff00;\">sie sich lieber am A r s c &#8230;..ich kann auch anders (siehe Bild)<\/span><br \/>\n<\/strong><\/span><\/p>\n<p><img decoding=\"async\" loading=\"lazy\" class=\"alignnone size-medium wp-image-523\" src=\"http:\/\/hapetho.de\/gschwandnergasse42\/wp-content\/uploads\/2020\/07\/tomatenmunaschu_490-300x287.jpg\" alt=\"\" width=\"490\" height=\"480\" \/><\/p>\n<p><span style=\"color: #33cccc;\">Hans-Peter Thomas<\/span><br \/>\n<span style=\"color: #33cccc;\">gschwandner42@gmail.com<\/span><\/p>\n","protected":false},"excerpt":{"rendered":"<p>Der Name meiner Seite ist: http:\/\/hapetho.de\/gschwandnergasse42 Dieser blog kann sicher betreten werden. Es werden keine pers\u00f6nlichen Daten und IPs gesammelt. Er ist privat und nur zu ihrer Erbauung gedacht. Es wurde die Avatarfunktion abgeschaltet und das plugin installiert. Die Kommentarfunktion fehlt zur G\u00e4nze. Es wurde &#8230;..Disable Comments&#8230;. installiert, zus\u00e4tzlich &#8230;..Remove IP &#8230;&#8230;, das sollte gen\u00fcgen. [&hellip;]<\/p>\n","protected":false},"author":1,"featured_media":0,"parent":0,"menu_order":0,"comment_status":"closed","ping_status":"closed","template":"","meta":[],"_links":{"self":[{"href":"https:\/\/hapetho.de\/gschwandnergasse42\/index.php\/wp-json\/wp\/v2\/pages\/518"}],"collection":[{"href":"https:\/\/hapetho.de\/gschwandnergasse42\/index.php\/wp-json\/wp\/v2\/pages"}],"about":[{"href":"https:\/\/hapetho.de\/gschwandnergasse42\/index.php\/wp-json\/wp\/v2\/types\/page"}],"author":[{"embeddable":true,"href":"https:\/\/hapetho.de\/gschwandnergasse42\/index.php\/wp-json\/wp\/v2\/users\/1"}],"replies":[{"embeddable":true,"href":"https:\/\/hapetho.de\/gschwandnergasse42\/index.php\/wp-json\/wp\/v2\/comments?post=518"}],"version-history":[{"count":7,"href":"https:\/\/hapetho.de\/gschwandnergasse42\/index.php\/wp-json\/wp\/v2\/pages\/518\/revisions"}],"predecessor-version":[{"id":528,"href":"https:\/\/hapetho.de\/gschwandnergasse42\/index.php\/wp-json\/wp\/v2\/pages\/518\/revisions\/528"}],"wp:attachment":[{"href":"https:\/\/hapetho.de\/gschwandnergasse42\/index.php\/wp-json\/wp\/v2\/media?parent=518"}],"curies":[{"name":"wp","href":"https:\/\/api.w.org\/{rel}","templated":true}]}}